{"id":4371,"date":"2025-09-11T12:25:36","date_gmt":"2025-09-11T12:25:36","guid":{"rendered":"https:\/\/libertyfinance.blog\/?page_id=4371"},"modified":"2025-11-30T10:37:49","modified_gmt":"2025-11-30T10:37:49","slug":"aviso-legal","status":"publish","type":"page","link":"https:\/\/libertyfinance.blog\/en\/aviso-legal\/","title":{"rendered":"Aviso legal"},"content":{"rendered":"<div class=\"wp-block-uagb-advanced-heading uagb-block-1ab91ad3\"><h1 class=\"uagb-heading-text\">Aviso legal<\/h1><\/div>\n\n\n\n<p><br>\u00daltima actualizaci\u00f3n: 11\/09\/2025<\/p>\n\n\n\n<p>De conformidad con la <strong>Ley 34\/2002 de Servicios de la Sociedad de la Informaci\u00f3n y Comercio Electr\u00f3nico (LSSI-CE)<\/strong>, se informa que el presente sitio web es propiedad de:<\/p>\n\n\n\n<ul class=\"wp-block-list\">\n<li><strong>Titular:<\/strong> Liberty Finance<\/li>\n\n\n\n<li><strong>N\u00famero de registro mercantil \/ NIF \/ VAT:<\/strong> 17299606<\/li>\n\n\n\n<li><strong>Domicilio social:<\/strong> Harju maakond, Tallin, Kristiine linnaosa, Kotkapoja tn 2a-10, 10615<\/li>\n\n\n\n<li><strong>Correo electr\u00f3nico de contacto:<\/strong> mercaderveneziabtc@gmail.com<\/li>\n<\/ul>\n\n\n\n<h3 class=\"wp-block-heading\">1. Objeto<\/h3>\n\n\n\n<p>El presente sitio web tiene como finalidad ofrecer servicios de <strong>gestor\u00eda y creaci\u00f3n de empresas en Estonia y otros pa\u00edses<\/strong>, as\u00ed como informaci\u00f3n relacionada con dichos servicios.<\/p>\n\n\n\n<h3 class=\"wp-block-heading\">2. Propiedad intelectual e industrial<\/h3>\n\n\n\n<p>Todos los contenidos, textos, im\u00e1genes, logotipos y dise\u00f1o del sitio web son propiedad de Liberty Finance o de terceros autorizados. Queda prohibida su reproducci\u00f3n, distribuci\u00f3n o modificaci\u00f3n sin autorizaci\u00f3n expresa.<\/p>\n\n\n\n<h3 class=\"wp-block-heading\">3. Responsabilidad del titular<\/h3>\n\n\n\n<p>Liberty Finance no se responsabiliza del mal uso de la web ni de los da\u00f1os que puedan derivarse de la falta de disponibilidad o errores en los contenidos.<\/p>\n\n\n\n<h3 class=\"wp-block-heading\">4. Enlaces a terceros<\/h3>\n\n\n\n<p>El sitio web puede contener enlaces a p\u00e1ginas de terceros. Liberty Finance no se hace responsable de los contenidos o pol\u00edticas de privacidad de dichos sitios.<\/p>\n\n\n\n<h3 class=\"wp-block-heading\">5. Legislaci\u00f3n aplicable<\/h3>\n\n\n\n<p>La relaci\u00f3n entre el usuario y el titular se regir\u00e1 por la legislaci\u00f3n de <strong>Estonia y de la Uni\u00f3n Europea<\/strong>. En caso de conflicto, las partes se someter\u00e1n a los tribunales competentes de Tallin.<\/p>\n\n\n\n<hr class=\"wp-block-separator has-alpha-channel-opacity\"\/>","protected":false},"excerpt":{"rendered":"<p>Aviso legal \u00daltima actualizaci\u00f3n: 11\/09\/2025 De conformidad con la Ley 34\/2002 de Servicios de la Sociedad de la Informaci\u00f3n y Comercio Electr\u00f3nico (LSSI-CE), se informa que el presente sitio web es propiedad de: 1. Objeto El presente sitio web tiene como finalidad ofrecer servicios de gestor\u00eda y creaci\u00f3n de empresas en Estonia y otros pa\u00edses, [&hellip;]<\/p>\n","protected":false},"author":1,"featured_media":0,"parent":0,"menu_order":0,"comment_status":"closed","ping_status":"closed","template":"","meta":{"_seopress_robots_primary_cat":"","_seopress_titles_title":"","_seopress_titles_desc":"","_seopress_robots_index":"","om_disable_all_campaigns":false,"_uag_custom_page_level_css":"","_monsterinsights_skip_tracking":false,"_monsterinsights_sitenote_active":false,"_monsterinsights_sitenote_note":"","_monsterinsights_sitenote_category":0,"site-sidebar-layout":"default","site-content-layout":"","ast-site-content-layout":"full-width-container","site-content-style":"default","site-sidebar-style":"default","ast-global-header-display":"","ast-banner-title-visibility":"","ast-main-header-display":"","ast-hfb-above-header-display":"","ast-hfb-below-header-display":"","ast-hfb-mobile-header-display":"","site-post-title":"disabled","ast-breadcrumbs-content":"","ast-featured-img":"","footer-sml-layout":"","ast-disable-related-posts":"","theme-transparent-header-meta":"","adv-header-id-meta":"","stick-header-meta":"","header-above-stick-meta":"","header-main-stick-meta":"","header-below-stick-meta":"","astra-migrate-meta-layouts":"set","ast-page-background-enabled":"default","ast-page-background-meta":{"desktop":{"background-color":"","background-image":"","background-repeat":"repeat","background-position":"center center","background-size":"auto","background-attachment":"scroll","background-type":"","background-media":"","overlay-type":"","overlay-color":"","overlay-opacity":"","overlay-gradient":""},"tablet":{"background-color":"","background-image":"","background-repeat":"repeat","background-position":"center center","background-size":"auto","background-attachment":"scroll","background-type":"","background-media":"","overlay-type":"","overlay-color":"","overlay-opacity":"","overlay-gradient":""},"mobile":{"background-color":"","background-image":"","background-repeat":"repeat","background-position":"center center","background-size":"auto","background-attachment":"scroll","background-type":"","background-media":"","overlay-type":"","overlay-color":"","overlay-opacity":"","overlay-gradient":""}},"ast-content-background-meta":{"desktop":{"background-color":"var(--ast-global-color-5)","background-image":"","background-repeat":"repeat","background-position":"center center","background-size":"auto","background-attachment":"scroll","background-type":"","background-media":"","overlay-type":"","overlay-color":"","overlay-opacity":"","overlay-gradient":""},"tablet":{"background-color":"var(--ast-global-color-5)","background-image":"","background-repeat":"repeat","background-position":"center center","background-size":"auto","background-attachment":"scroll","background-type":"","background-media":"","overlay-type":"","overlay-color":"","overlay-opacity":"","overlay-gradient":""},"mobile":{"background-color":"var(--ast-global-color-5)","background-image":"","background-repeat":"repeat","background-position":"center center","background-size":"auto","background-attachment":"scroll","background-type":"","background-media":"","overlay-type":"","overlay-color":"","overlay-opacity":"","overlay-gradient":""}},"footnotes":""},"class_list":["post-4371","page","type-page","status-publish","hentry"],"_hostinger_reach_plugin_has_subscription_block":false,"_hostinger_reach_plugin_is_elementor":false,"uagb_featured_image_src":{"full":false,"thumbnail":false,"medium":false,"medium_large":false,"large":false,"1536x1536":false,"2048x2048":false,"trp-custom-language-flag":false},"uagb_author_info":{"display_name":"mercaderveneziabtc@gmail.com","author_link":"https:\/\/libertyfinance.blog\/en\/author\/mercaderveneziabtcgmail-com\/"},"uagb_comment_info":0,"uagb_excerpt":"Aviso legal \u00daltima actualizaci\u00f3n: 11\/09\/2025 De conformidad con la Ley 34\/2002 de Servicios de la Sociedad de la Informaci\u00f3n y Comercio Electr\u00f3nico (LSSI-CE), se informa que el presente sitio web es propiedad de: 1. Objeto El presente sitio web tiene como finalidad ofrecer servicios de gestor\u00eda y creaci\u00f3n de empresas en Estonia y otros pa\u00edses,&hellip;","_links":{"self":[{"href":"https:\/\/libertyfinance.blog\/en\/wp-json\/wp\/v2\/pages\/4371","targetHints":{"allow":["GET"]}}],"collection":[{"href":"https:\/\/libertyfinance.blog\/en\/wp-json\/wp\/v2\/pages"}],"about":[{"href":"https:\/\/libertyfinance.blog\/en\/wp-json\/wp\/v2\/types\/page"}],"author":[{"embeddable":true,"href":"https:\/\/libertyfinance.blog\/en\/wp-json\/wp\/v2\/users\/1"}],"replies":[{"embeddable":true,"href":"https:\/\/libertyfinance.blog\/en\/wp-json\/wp\/v2\/comments?post=4371"}],"version-history":[{"count":4,"href":"https:\/\/libertyfinance.blog\/en\/wp-json\/wp\/v2\/pages\/4371\/revisions"}],"predecessor-version":[{"id":4442,"href":"https:\/\/libertyfinance.blog\/en\/wp-json\/wp\/v2\/pages\/4371\/revisions\/4442"}],"wp:attachment":[{"href":"https:\/\/libertyfinance.blog\/en\/wp-json\/wp\/v2\/media?parent=4371"}],"curies":[{"name":"wp","href":"https:\/\/api.w.org\/{rel}","templated":true}]}}