{"id":4360,"date":"2025-09-10T17:26:57","date_gmt":"2025-09-10T17:26:57","guid":{"rendered":"https:\/\/libertyfinance.blog\/?page_id=4360"},"modified":"2025-09-10T18:00:45","modified_gmt":"2025-09-10T18:00:45","slug":"blog","status":"publish","type":"page","link":"https:\/\/libertyfinance.blog\/en\/blog\/","title":{"rendered":"Blog"},"content":{"rendered":"<div class=\"wp-block-uagb-advanced-heading uagb-block-a13b617a\"><h2 class=\"uagb-heading-text\">Centro de aprendizaje Fiscal<\/h2><\/div>\n\n\n\n<div class=\"wp-block-uagb-container uagb-block-e953748b alignfull uagb-is-root-container\"><div class=\"uagb-container-inner-blocks-wrap\">\n<p>En Liberty Finance tenemos la misi\u00f3n de dar a conocer<strong> <\/strong>formas de optimizar la carga fiscal para ti y tus negocios.<\/p>\n\n\n\n<p>En los art\u00edculos y noticias del centro de aprendizaje de Liberty Finance podr\u00e1s conocer las opciones disponibles para un mayor ahorro fiscal, as\u00ed como art\u00edculos sobre los mejores pa\u00edses para tu actividad econ\u00f3mica.<\/p>\n<\/div><\/div>\n\n\n\n<div class=\"wp-block-uagb-separator uagb-block-98a08240\"><div class=\"uagb-separator-spacing-wrapper\"><div class=\"wp-block-uagb-separator__inner\" style=\"--my-background-image:\"><\/div><\/div><\/div>\n\n\n\n\t\t\t<div class=\"wp-block-uagb-post-carousel uagb-post-grid  uagb-post__image-position-top uagb-post__image-enabled uagb-block-0f6ad448     uagb-post__arrow-outside uagb-post__items uagb-post__columns-3 is-carousel uagb-post__columns-tablet-2 uagb-post__columns-mobile-1\" data-total=\"1\" style=\"\">\n\n\t\t\t\t\t\t\t\t\t\t\t\t<article class=\"uagb-post__inner-wrap\">\t\t\t\t\t\t\t\t<div class='uagb-post__image'>\n\t\t\t\t\t\t\t\t\t<a href=\"https:\/\/libertyfinance.blog\/en\/georgia-el-secreto-mejor-guardado-para-emprendedores-internacionales\/\" target=\"_self\" rel=\"bookmark noopener noreferrer\"><img loading=\"lazy\" decoding=\"async\" width=\"1024\" height=\"380\" src=\"https:\/\/libertyfinance.blog\/wp-content\/uploads\/2025\/09\/pexels-abinav-sunil-609602129-33793081-scaled-e1757512618726-1024x380.jpg\" class=\"attachment-large size-large\" alt=\"\" srcset=\"https:\/\/libertyfinance.blog\/wp-content\/uploads\/2025\/09\/pexels-abinav-sunil-609602129-33793081-scaled-e1757512618726-1024x380.jpg 1024w, https:\/\/libertyfinance.blog\/wp-content\/uploads\/2025\/09\/pexels-abinav-sunil-609602129-33793081-scaled-e1757512618726-300x111.jpg 300w, https:\/\/libertyfinance.blog\/wp-content\/uploads\/2025\/09\/pexels-abinav-sunil-609602129-33793081-scaled-e1757512618726-768x285.jpg 768w, https:\/\/libertyfinance.blog\/wp-content\/uploads\/2025\/09\/pexels-abinav-sunil-609602129-33793081-scaled-e1757512618726-1536x570.jpg 1536w, https:\/\/libertyfinance.blog\/wp-content\/uploads\/2025\/09\/pexels-abinav-sunil-609602129-33793081-scaled-e1757512618726-2048x760.jpg 2048w\" sizes=\"auto, (max-width: 1024px) 100vw, 1024px\" \/>\t\t\t\t\t<\/a>\n\t\t\t\t\t\t\t\t\t<\/div>\n\t\t\t\t\t\t<h4 class=\"uagb-post__title uagb-post__text\">\n\t\t\t\t<a href=\"https:\/\/libertyfinance.blog\/en\/georgia-el-secreto-mejor-guardado-para-emprendedores-internacionales\/\" target=\"_self\" rel=\"bookmark noopener noreferrer\">Georgia: el secreto mejor guardado para emprendedores internacionales<\/a>\n\t\t\t<\/h4>\n\t\t\t\t\t\t<div class='uagb-post__text uagb-post-grid-byline'>\n\t\t\t\t\t\t\t\t<time datetime=\"2025-09-10T17:30:13+00:00\" class=\"uagb-post__date\">\n\t\t\t\t<span class=\"dashicons-calendar dashicons\"><\/span>\t\t\t\t\tSeptember 10, 2025\t\t\t\t<\/time>\n\t\t\t\t\t\t\t<span class=\"uagb-post__comment\">\n\t\t\t\t<span class=\"dashicons-admin-comments dashicons\"><\/span>\t\t\t\t\tNo Comments\t\t\t\t<\/span>\n\t\t\t\t\t\t<\/div>\n\t\t\t\t\t\t\t<div class='uagb-post__text uagb-post__excerpt'>\n\t\t\t\t\t<p>Georgia: el secreto mejor guardado para emprendedores internacionales Cuando se habla de destinos para crear&#8230;\t\t\t\t<\/div>\n\t\t\t\t\t\t<div class=\"uagb-post__text uagb-post__cta wp-block-button\">\n\t\t\t\t<a class=\"wp-block-button__link uagb-text-link\" style=\"\" href=\"https:\/\/libertyfinance.blog\/en\/georgia-el-secreto-mejor-guardado-para-emprendedores-internacionales\/\" target=\"_self\" rel=\"bookmark noopener noreferrer\">Read More<\/a>\n\t\t\t<\/div>\n\t\t\t\n\t\t\t\t\t\t\t\t\t<\/article>\n\t\t\t\t\t\t\t\t\t\t\t\t\t\t\t\t<article class=\"uagb-post__inner-wrap\">\t\t\t\t\t\t\t\t<div class='uagb-post__image'>\n\t\t\t\t\t\t\t\t\t<a href=\"https:\/\/libertyfinance.blog\/en\/por-que-estonia-es-el-pais-lider-en-digitalizacion-empresarial\/\" target=\"_self\" rel=\"bookmark noopener noreferrer\"><img loading=\"lazy\" decoding=\"async\" width=\"1024\" height=\"380\" src=\"https:\/\/libertyfinance.blog\/wp-content\/uploads\/2025\/09\/pexels-karolina-2031292-33787078-scaled-e1757512018562-1024x380.jpg\" class=\"attachment-large size-large\" alt=\"\" srcset=\"https:\/\/libertyfinance.blog\/wp-content\/uploads\/2025\/09\/pexels-karolina-2031292-33787078-scaled-e1757512018562-1024x380.jpg 1024w, https:\/\/libertyfinance.blog\/wp-content\/uploads\/2025\/09\/pexels-karolina-2031292-33787078-scaled-e1757512018562-300x111.jpg 300w, https:\/\/libertyfinance.blog\/wp-content\/uploads\/2025\/09\/pexels-karolina-2031292-33787078-scaled-e1757512018562-768x285.jpg 768w, https:\/\/libertyfinance.blog\/wp-content\/uploads\/2025\/09\/pexels-karolina-2031292-33787078-scaled-e1757512018562-1536x570.jpg 1536w, https:\/\/libertyfinance.blog\/wp-content\/uploads\/2025\/09\/pexels-karolina-2031292-33787078-scaled-e1757512018562-2048x760.jpg 2048w\" sizes=\"auto, (max-width: 1024px) 100vw, 1024px\" \/>\t\t\t\t\t<\/a>\n\t\t\t\t\t\t\t\t\t<\/div>\n\t\t\t\t\t\t<h4 class=\"uagb-post__title uagb-post__text\">\n\t\t\t\t<a href=\"https:\/\/libertyfinance.blog\/en\/por-que-estonia-es-el-pais-lider-en-digitalizacion-empresarial\/\" target=\"_self\" rel=\"bookmark noopener noreferrer\">Por qu\u00e9 Estonia es el pa\u00eds l\u00edder en digitalizaci\u00f3n empresarial<\/a>\n\t\t\t<\/h4>\n\t\t\t\t\t\t<div class='uagb-post__text uagb-post-grid-byline'>\n\t\t\t\t\t\t\t\t<time datetime=\"2025-09-10T17:29:46+00:00\" class=\"uagb-post__date\">\n\t\t\t\t<span class=\"dashicons-calendar dashicons\"><\/span>\t\t\t\t\tSeptember 10, 2025\t\t\t\t<\/time>\n\t\t\t\t\t\t\t<span class=\"uagb-post__comment\">\n\t\t\t\t<span class=\"dashicons-admin-comments dashicons\"><\/span>\t\t\t\t\tNo Comments\t\t\t\t<\/span>\n\t\t\t\t\t\t<\/div>\n\t\t\t\t\t\t\t<div class='uagb-post__text uagb-post__excerpt'>\n\t\t\t\t\t<p>Por qu\u00e9 Estonia es el pa\u00eds l\u00edder en digitalizaci\u00f3n empresarial Cuando se habla de innovaci\u00f3n&#8230;\t\t\t\t<\/div>\n\t\t\t\t\t\t<div class=\"uagb-post__text uagb-post__cta wp-block-button\">\n\t\t\t\t<a class=\"wp-block-button__link uagb-text-link\" style=\"\" href=\"https:\/\/libertyfinance.blog\/en\/por-que-estonia-es-el-pais-lider-en-digitalizacion-empresarial\/\" target=\"_self\" rel=\"bookmark noopener noreferrer\">Read More<\/a>\n\t\t\t<\/div>\n\t\t\t\n\t\t\t\t\t\t\t\t\t<\/article>\n\t\t\t\t\t\t\t\t\t\t\t\t\t\t\t\t<article class=\"uagb-post__inner-wrap\">\t\t\t\t\t\t\t\t<div class='uagb-post__image'>\n\t\t\t\t\t\t\t\t\t<a href=\"https:\/\/libertyfinance.blog\/en\/comparativa-crear-empresa-en-dubai-vs-estonia-vs-georgia-ventajas-y-desventajas\/\" target=\"_self\" rel=\"bookmark noopener noreferrer\"><img loading=\"lazy\" decoding=\"async\" width=\"1024\" height=\"532\" src=\"https:\/\/libertyfinance.blog\/wp-content\/uploads\/2025\/09\/pexels-pixabay-290595-1024x532.jpg\" class=\"attachment-large size-large\" alt=\"\" srcset=\"https:\/\/libertyfinance.blog\/wp-content\/uploads\/2025\/09\/pexels-pixabay-290595-1024x532.jpg 1024w, https:\/\/libertyfinance.blog\/wp-content\/uploads\/2025\/09\/pexels-pixabay-290595-300x156.jpg 300w, https:\/\/libertyfinance.blog\/wp-content\/uploads\/2025\/09\/pexels-pixabay-290595-768x399.jpg 768w, https:\/\/libertyfinance.blog\/wp-content\/uploads\/2025\/09\/pexels-pixabay-290595-1536x798.jpg 1536w, https:\/\/libertyfinance.blog\/wp-content\/uploads\/2025\/09\/pexels-pixabay-290595.jpg 2005w\" sizes=\"auto, (max-width: 1024px) 100vw, 1024px\" \/>\t\t\t\t\t<\/a>\n\t\t\t\t\t\t\t\t\t<\/div>\n\t\t\t\t\t\t<h4 class=\"uagb-post__title uagb-post__text\">\n\t\t\t\t<a href=\"https:\/\/libertyfinance.blog\/en\/comparativa-crear-empresa-en-dubai-vs-estonia-vs-georgia-ventajas-y-desventajas\/\" target=\"_self\" rel=\"bookmark noopener noreferrer\">Comparativa: crear empresa en Dub\u00e1i vs. Estonia vs. Georgia (ventajas y desventajas)<\/a>\n\t\t\t<\/h4>\n\t\t\t\t\t\t<div class='uagb-post__text uagb-post-grid-byline'>\n\t\t\t\t\t\t\t\t<time datetime=\"2025-09-10T17:28:53+00:00\" class=\"uagb-post__date\">\n\t\t\t\t<span class=\"dashicons-calendar dashicons\"><\/span>\t\t\t\t\tSeptember 10, 2025\t\t\t\t<\/time>\n\t\t\t\t\t\t\t<span class=\"uagb-post__comment\">\n\t\t\t\t<span class=\"dashicons-admin-comments dashicons\"><\/span>\t\t\t\t\tNo Comments\t\t\t\t<\/span>\n\t\t\t\t\t\t<\/div>\n\t\t\t\t\t\t\t<div class='uagb-post__text uagb-post__excerpt'>\n\t\t\t\t\t<p>Comparativa: crear empresa en Dub\u00e1i vs. Estonia vs. Georgia (ventajas y desventajas) Cada vez m\u00e1s&#8230;\t\t\t\t<\/div>\n\t\t\t\t\t\t<div class=\"uagb-post__text uagb-post__cta wp-block-button\">\n\t\t\t\t<a class=\"wp-block-button__link uagb-text-link\" style=\"\" href=\"https:\/\/libertyfinance.blog\/en\/comparativa-crear-empresa-en-dubai-vs-estonia-vs-georgia-ventajas-y-desventajas\/\" target=\"_self\" rel=\"bookmark noopener noreferrer\">Read More<\/a>\n\t\t\t<\/div>\n\t\t\t\n\t\t\t\t\t\t\t\t\t<\/article>\n\t\t\t\t\t\t\t\t\t\t\t<\/div>\n\t\t\t\n\n\n<p><\/p>","protected":false},"excerpt":{"rendered":"<p>Centro de aprendizaje Fiscal En Liberty Finance tenemos la misi\u00f3n de dar a conocer formas de optimizar la carga fiscal para ti y tus negocios. En los art\u00edculos y noticias del centro de aprendizaje de Liberty Finance podr\u00e1s conocer las opciones disponibles para un mayor ahorro fiscal, as\u00ed como art\u00edculos sobre los mejores pa\u00edses para [&hellip;]<\/p>\n","protected":false},"author":1,"featured_media":0,"parent":0,"menu_order":0,"comment_status":"closed","ping_status":"closed","template":"","meta":{"_seopress_robots_primary_cat":"","_seopress_titles_title":"","_seopress_titles_desc":"","_seopress_robots_index":"","om_disable_all_campaigns":false,"_uag_custom_page_level_css":"","_monsterinsights_skip_tracking":false,"_monsterinsights_sitenote_active":false,"_monsterinsights_sitenote_note":"","_monsterinsights_sitenote_category":0,"site-sidebar-layout":"default","site-content-layout":"","ast-site-content-layout":"default","site-content-style":"unboxed","site-sidebar-style":"default","ast-global-header-display":"","ast-banner-title-visibility":"","ast-main-header-display":"","ast-hfb-above-header-display":"","ast-hfb-below-header-display":"","ast-hfb-mobile-header-display":"","site-post-title":"disabled","ast-breadcrumbs-content":"","ast-featured-img":"","footer-sml-layout":"","ast-disable-related-posts":"","theme-transparent-header-meta":"disabled","adv-header-id-meta":"","stick-header-meta":"","header-above-stick-meta":"","header-main-stick-meta":"","header-below-stick-meta":"","astra-migrate-meta-layouts":"set","ast-page-background-enabled":"default","ast-page-background-meta":{"desktop":{"background-color":"","background-image":"","background-repeat":"repeat","background-position":"center center","background-size":"auto","background-attachment":"scroll","background-type":"","background-media":"","overlay-type":"","overlay-color":"","overlay-opacity":"","overlay-gradient":""},"tablet":{"background-color":"","background-image":"","background-repeat":"repeat","background-position":"center center","background-size":"auto","background-attachment":"scroll","background-type":"","background-media":"","overlay-type":"","overlay-color":"","overlay-opacity":"","overlay-gradient":""},"mobile":{"background-color":"","background-image":"","background-repeat":"repeat","background-position":"center center","background-size":"auto","background-attachment":"scroll","background-type":"","background-media":"","overlay-type":"","overlay-color":"","overlay-opacity":"","overlay-gradient":""}},"ast-content-background-meta":{"desktop":{"background-color":"var(--ast-global-color-5)","background-image":"","background-repeat":"repeat","background-position":"center center","background-size":"auto","background-attachment":"scroll","background-type":"","background-media":"","overlay-type":"","overlay-color":"","overlay-opacity":"","overlay-gradient":""},"tablet":{"background-color":"var(--ast-global-color-5)","background-image":"","background-repeat":"repeat","background-position":"center center","background-size":"auto","background-attachment":"scroll","background-type":"","background-media":"","overlay-type":"","overlay-color":"","overlay-opacity":"","overlay-gradient":""},"mobile":{"background-color":"var(--ast-global-color-5)","background-image":"","background-repeat":"repeat","background-position":"center center","background-size":"auto","background-attachment":"scroll","background-type":"","background-media":"","overlay-type":"","overlay-color":"","overlay-opacity":"","overlay-gradient":""}},"footnotes":""},"class_list":["post-4360","page","type-page","status-publish","hentry"],"_hostinger_reach_plugin_has_subscription_block":false,"_hostinger_reach_plugin_is_elementor":false,"uagb_featured_image_src":{"full":false,"thumbnail":false,"medium":false,"medium_large":false,"large":false,"1536x1536":false,"2048x2048":false,"trp-custom-language-flag":false},"uagb_author_info":{"display_name":"mercaderveneziabtc@gmail.com","author_link":"https:\/\/libertyfinance.blog\/en\/author\/mercaderveneziabtcgmail-com\/"},"uagb_comment_info":0,"uagb_excerpt":"Centro de aprendizaje Fiscal En Liberty Finance tenemos la misi\u00f3n de dar a conocer formas de optimizar la carga fiscal para ti y tus negocios. En los art\u00edculos y noticias del centro de aprendizaje de Liberty Finance podr\u00e1s conocer las opciones disponibles para un mayor ahorro fiscal, as\u00ed como art\u00edculos sobre los mejores pa\u00edses para&hellip;","_links":{"self":[{"href":"https:\/\/libertyfinance.blog\/en\/wp-json\/wp\/v2\/pages\/4360","targetHints":{"allow":["GET"]}}],"collection":[{"href":"https:\/\/libertyfinance.blog\/en\/wp-json\/wp\/v2\/pages"}],"about":[{"href":"https:\/\/libertyfinance.blog\/en\/wp-json\/wp\/v2\/types\/page"}],"author":[{"embeddable":true,"href":"https:\/\/libertyfinance.blog\/en\/wp-json\/wp\/v2\/users\/1"}],"replies":[{"embeddable":true,"href":"https:\/\/libertyfinance.blog\/en\/wp-json\/wp\/v2\/comments?post=4360"}],"version-history":[{"count":3,"href":"https:\/\/libertyfinance.blog\/en\/wp-json\/wp\/v2\/pages\/4360\/revisions"}],"predecessor-version":[{"id":4366,"href":"https:\/\/libertyfinance.blog\/en\/wp-json\/wp\/v2\/pages\/4360\/revisions\/4366"}],"wp:attachment":[{"href":"https:\/\/libertyfinance.blog\/en\/wp-json\/wp\/v2\/media?parent=4360"}],"curies":[{"name":"wp","href":"https:\/\/api.w.org\/{rel}","templated":true}]}}