{"id":1816,"date":"2025-08-19T16:10:33","date_gmt":"2025-08-19T16:10:33","guid":{"rendered":"http:\/\/libertyfinance.blog\/about\/"},"modified":"2025-09-16T14:57:10","modified_gmt":"2025-09-16T14:57:10","slug":"nosotros","status":"publish","type":"page","link":"https:\/\/libertyfinance.blog\/en\/nosotros\/","title":{"rendered":"Nosotros"},"content":{"rendered":"<div class=\"wp-block-uagb-container uagb-block-b21e3a3e alignfull uagb-is-root-container\"><div class=\"uagb-container-inner-blocks-wrap\">\n<div class=\"wp-block-uagb-advanced-heading uagb-block-a803d745\"><h1 class=\"uagb-heading-text\">quienes somos<\/h1><\/div>\n<\/div><\/div>\n\n\n\n<div class=\"wp-block-uagb-container uagb-block-560875ad alignfull uagb-is-root-container\"><div class=\"uagb-container-inner-blocks-wrap\">\n<div class=\"wp-block-uagb-advanced-heading uagb-block-04d16afa\"><h2 class=\"uagb-heading-text\">Quienes somos y que hacemos<\/h2><\/div>\n\n\n\n<div class=\"wp-block-uagb-container uagb-block-7218348a\">\n<p>En Liberty Finance ayudamos a emprendedores, inversores y empresas a expandirse internacionalmente de forma segura, eficiente y estrat\u00e9gica.<\/p>\n\n\n\n<p>Somos una <strong>gestor\u00eda global<\/strong> especializada en la creaci\u00f3n y administraci\u00f3n de sociedades en jurisdicciones con <strong>marcos fiscales favorables<\/strong>, brindando soluciones adaptadas a cada cliente. Nuestro equipo de expertos en derecho corporativo, fiscalidad internacional y contabilidad se encarga de que cada estructura cumpla con los requisitos legales, optimizando al mismo tiempo la carga tributaria.<\/p>\n\n\n\n<p>Adem\u00e1s de nuestros servicios corporativos, ofrecemos <strong>oportunidades de inversi\u00f3n en el sector inmobiliario internacional<\/strong>, identificando proyectos de real estate que combinan <strong>rentabilidad, seguridad y diversificaci\u00f3n<\/strong>.<\/p>\n\n\n\n<p>Nuestra misi\u00f3n es ser tu socio estrat\u00e9gico en la construcci\u00f3n y gesti\u00f3n de patrimonios internacionales, aportando:<\/p>\n\n\n\n<ul class=\"wp-block-list\">\n<li><strong>Asesor\u00eda integral<\/strong> en la creaci\u00f3n de empresas en pa\u00edses con entornos fiscales competitivos.<\/li>\n\n\n\n<li><strong>Contabilidad y cumplimiento<\/strong> con normativas locales e internacionales.<\/li>\n\n\n\n<li><strong>Gesti\u00f3n patrimonial e inmobiliaria<\/strong>, con acceso a inversiones exclusivas en mercados de alto potencial.<\/li>\n\n\n\n<li><strong>Confidencialidad y transparencia<\/strong>, valores fundamentales de nuestra forma de trabajar.<\/li>\n<\/ul>\n\n\n\n<p>En un mundo cada vez m\u00e1s globalizado, brindamos a nuestros clientes la tranquilidad de contar con un equipo que entiende sus objetivos y los transforma en estructuras s\u00f3lidas, seguras y rentables.<\/p>\n\n\n\n<p><strong>Tu negocio, tu futuro, tu tranquilidad.<\/strong><br>Con <strong>Liberty Finance<\/strong>, lo hacemos posible.<\/p>\n<\/div>\n<\/div><\/div>\n\n\n\n<div class=\"wp-block-uagb-container uag-blocks-common-selector uagb-block-edbeb5ab alignfull uagb-is-root-container\"><div class=\"uagb-container-inner-blocks-wrap\">\n<div class=\"wp-block-uagb-info-box uagb-block-f7d55f89 uagb-infobox__content-wrap  uagb-infobox-icon-above-title uagb-infobox-image-valign-top\"><div class=\"uagb-ifb-content\"><div class=\"uagb-ifb-title-wrap\"><div class=\"uagb-ifb-separator\"><\/div><h2 class=\"uagb-ifb-title\">\u00bfQuieres saber m\u00e1s?\u200b<\/h2><\/div><p class=\"uagb-ifb-desc\">Your case is unique. Schedule a personalized consultation and we'll guide you step by step!<\/p><div class=\"uagb-ifb-button-wrapper wp-block-button\"><a href=\"https:\/\/libertyfinance.blog\/en\/contacto\/\" class=\"uagb-infobox-cta-link wp-block-button__link\" target=\"_self\" rel=\"noopener noreferrer\" onclick=\"return true;\"><span class=\"uagb-inline-editing\">Solicitar M\u00e1s Informaci\u00f3n<\/span><svg xmlns=\"https:\/\/www.w3.org\/2000\/svg\" viewbox=\"0 0 512 512\"><path d=\"M504.3 273.6l-112.1 104c-6.992 6.484-17.18 8.218-25.94 4.406c-8.758-3.812-14.42-12.45-14.42-21.1L351.9 288H32C14.33 288 .0002 273.7 .0002 255.1S14.33 224 32 224h319.9l0-72c0-9.547 5.66-18.19 14.42-22c8.754-3.809 18.95-2.075 25.94 4.41l112.1 104C514.6 247.9 514.6 264.1 504.3 273.6z\"><\/path><\/svg><\/a><\/div><\/div><\/div>\n<\/div><\/div>","protected":false},"excerpt":{"rendered":"<p>quienes somos Quienes somos y que hacemos En Liberty Finance ayudamos a emprendedores, inversores y empresas a expandirse internacionalmente de forma segura, eficiente y estrat\u00e9gica. Somos una gestor\u00eda global especializada en la creaci\u00f3n y administraci\u00f3n de sociedades en jurisdicciones con marcos fiscales favorables, brindando soluciones adaptadas a cada cliente. Nuestro equipo de expertos en derecho [&hellip;]<\/p>\n","protected":false},"author":1,"featured_media":0,"parent":0,"menu_order":0,"comment_status":"closed","ping_status":"closed","template":"","meta":{"_seopress_robots_primary_cat":"","_seopress_titles_title":"","_seopress_titles_desc":"","_seopress_robots_index":"","om_disable_all_campaigns":false,"_uag_custom_page_level_css":"","_monsterinsights_skip_tracking":false,"_monsterinsights_sitenote_active":false,"_monsterinsights_sitenote_note":"","_monsterinsights_sitenote_category":0,"site-sidebar-layout":"no-sidebar","site-content-layout":"page-builder","ast-site-content-layout":"full-width-container","site-content-style":"unboxed","site-sidebar-style":"unboxed","ast-global-header-display":"","ast-banner-title-visibility":"","ast-main-header-display":"","ast-hfb-above-header-display":"","ast-hfb-below-header-display":"","ast-hfb-mobile-header-display":"","site-post-title":"disabled","ast-breadcrumbs-content":"","ast-featured-img":"disabled","footer-sml-layout":"","ast-disable-related-posts":"","theme-transparent-header-meta":"enabled","adv-header-id-meta":"","stick-header-meta":"","header-above-stick-meta":"","header-main-stick-meta":"","header-below-stick-meta":"","astra-migrate-meta-layouts":"set","ast-page-background-enabled":"default","ast-page-background-meta":{"desktop":{"background-color":"","background-image":"","background-repeat":"repeat","background-position":"center center","background-size":"auto","background-attachment":"scroll","background-type":"","background-media":"","overlay-type":"","overlay-color":"","overlay-opacity":"","overlay-gradient":""},"tablet":{"background-color":"","background-image":"","background-repeat":"repeat","background-position":"center center","background-size":"auto","background-attachment":"scroll","background-type":"","background-media":"","overlay-type":"","overlay-color":"","overlay-opacity":"","overlay-gradient":""},"mobile":{"background-color":"","background-image":"","background-repeat":"repeat","background-position":"center center","background-size":"auto","background-attachment":"scroll","background-type":"","background-media":"","overlay-type":"","overlay-color":"","overlay-opacity":"","overlay-gradient":""}},"ast-content-background-meta":{"desktop":{"background-color":"var(--ast-global-color-5)","background-image":"","background-repeat":"repeat","background-position":"center center","background-size":"auto","background-attachment":"scroll","background-type":"","background-media":"","overlay-type":"","overlay-color":"","overlay-opacity":"","overlay-gradient":""},"tablet":{"background-color":"var(--ast-global-color-5)","background-image":"","background-repeat":"repeat","background-position":"center center","background-size":"auto","background-attachment":"scroll","background-type":"","background-media":"","overlay-type":"","overlay-color":"","overlay-opacity":"","overlay-gradient":""},"mobile":{"background-color":"var(--ast-global-color-5)","background-image":"","background-repeat":"repeat","background-position":"center center","background-size":"auto","background-attachment":"scroll","background-type":"","background-media":"","overlay-type":"","overlay-color":"","overlay-opacity":"","overlay-gradient":""}},"footnotes":""},"class_list":["post-1816","page","type-page","status-publish","hentry"],"_hostinger_reach_plugin_has_subscription_block":false,"_hostinger_reach_plugin_is_elementor":false,"uagb_featured_image_src":{"full":false,"thumbnail":false,"medium":false,"medium_large":false,"large":false,"1536x1536":false,"2048x2048":false,"trp-custom-language-flag":false},"uagb_author_info":{"display_name":"mercaderveneziabtc@gmail.com","author_link":"https:\/\/libertyfinance.blog\/en\/author\/mercaderveneziabtcgmail-com\/"},"uagb_comment_info":0,"uagb_excerpt":"quienes somos Quienes somos y que hacemos En Liberty Finance ayudamos a emprendedores, inversores y empresas a expandirse internacionalmente de forma segura, eficiente y estrat\u00e9gica. Somos una gestor\u00eda global especializada en la creaci\u00f3n y administraci\u00f3n de sociedades en jurisdicciones con marcos fiscales favorables, brindando soluciones adaptadas a cada cliente. Nuestro equipo de expertos en derecho&hellip;","_links":{"self":[{"href":"https:\/\/libertyfinance.blog\/en\/wp-json\/wp\/v2\/pages\/1816","targetHints":{"allow":["GET"]}}],"collection":[{"href":"https:\/\/libertyfinance.blog\/en\/wp-json\/wp\/v2\/pages"}],"about":[{"href":"https:\/\/libertyfinance.blog\/en\/wp-json\/wp\/v2\/types\/page"}],"author":[{"embeddable":true,"href":"https:\/\/libertyfinance.blog\/en\/wp-json\/wp\/v2\/users\/1"}],"replies":[{"embeddable":true,"href":"https:\/\/libertyfinance.blog\/en\/wp-json\/wp\/v2\/comments?post=1816"}],"version-history":[{"count":12,"href":"https:\/\/libertyfinance.blog\/en\/wp-json\/wp\/v2\/pages\/1816\/revisions"}],"predecessor-version":[{"id":4383,"href":"https:\/\/libertyfinance.blog\/en\/wp-json\/wp\/v2\/pages\/1816\/revisions\/4383"}],"wp:attachment":[{"href":"https:\/\/libertyfinance.blog\/en\/wp-json\/wp\/v2\/media?parent=1816"}],"curies":[{"name":"wp","href":"https:\/\/api.w.org\/{rel}","templated":true}]}}